{"id":2270,"date":"2021-04-25T13:43:58","date_gmt":"2021-04-25T13:43:58","guid":{"rendered":"https:\/\/dratalaykabakcioglu.com\/?page_id=2270"},"modified":"2021-05-27T10:17:23","modified_gmt":"2021-05-27T10:17:23","slug":"prf-tedavisi","status":"publish","type":"page","link":"https:\/\/dratalaykabakcioglu.com\/ru\/%d0%bb%d0%b5%d1%87%d0%b5%d0%bd%d0%b8%d0%b5-%d0%bf%d1%84%d1%80\/","title":{"rendered":"\u0422\u0435\u0440\u0430\u043f\u0438\u044f \u0444\u0430\u043a\u0442\u043e\u0440\u043e\u043c \u0440\u043e\u0441\u0442\u0430 \u0444\u0438\u0431\u0440\u0438\u043d\u0430"},"content":{"rendered":"<div data-elementor-type=\"wp-page\" data-elementor-id=\"2270\" class=\"elementor elementor-2270\" data-elementor-post-type=\"page\">\n\t\t\t\t\t\t\t\t\t<section class=\"elementor-section elementor-top-section elementor-element elementor-element-1feff70c elementor-section-boxed elementor-section-height-default elementor-section-height-default\" data-id=\"1feff70c\" data-element_type=\"section\">\n\t\t\t\t\t\t<div class=\"elementor-container elementor-column-gap-default\">\n\t\t\t\t\t<div class=\"elementor-column elementor-col-100 elementor-top-column elementor-element elementor-element-74018217\" data-id=\"74018217\" data-element_type=\"column\">\n\t\t\t<div class=\"elementor-widget-wrap elementor-element-populated\">\n\t\t\t\t\t\t\t\t<div class=\"elementor-element elementor-element-75aefdcc elementor-arrows-position-inside elementor-widget elementor-widget-image-carousel\" data-id=\"75aefdcc\" data-element_type=\"widget\" data-settings=\"{&quot;slides_to_show&quot;:&quot;1&quot;,&quot;navigation&quot;:&quot;arrows&quot;,&quot;autoplay&quot;:&quot;yes&quot;,&quot;pause_on_hover&quot;:&quot;yes&quot;,&quot;pause_on_interaction&quot;:&quot;yes&quot;,&quot;autoplay_speed&quot;:5000,&quot;infinite&quot;:&quot;yes&quot;,&quot;effect&quot;:&quot;slide&quot;,&quot;speed&quot;:500}\" data-widget_type=\"image-carousel.default\">\n\t\t\t\t<div class=\"elementor-widget-container\">\n\t\t\t\t\t<div class=\"elementor-image-carousel-wrapper swiper-container\" dir=\"ltr\">\n\t\t\t<div class=\"elementor-image-carousel swiper-wrapper\" aria-live=\"off\">\n\t\t\t\t\t\t\t\t<div class=\"swiper-slide\" role=\"group\" aria-roledescription=\"slide\" aria-label=\"1 \u0438\u0437 1\"><figure class=\"swiper-slide-inner\"><img decoding=\"async\" class=\"swiper-slide-image\" src=\"https:\/\/dratalaykabakcioglu.com\/wp-content\/uploads\/2021\/05\/PRF-TEDAVISI.png\" alt=\"PRF-THERAPY\" \/><\/figure><\/div>\t\t\t<\/div>\n\t\t\t\t\t<\/div>\n\t\t\t\t<\/div>\n\t\t\t\t<\/div>\n\t\t\t\t\t<\/div>\n\t\t<\/div>\n\t\t\t\t\t\t\t<\/div>\n\t\t<\/section>\n\t\t\t\t<section class=\"elementor-section elementor-top-section elementor-element elementor-element-4d0f7279 elementor-section-boxed elementor-section-height-default elementor-section-height-default\" data-id=\"4d0f7279\" data-element_type=\"section\">\n\t\t\t\t\t\t<div class=\"elementor-container elementor-column-gap-default\">\n\t\t\t\t\t<div class=\"elementor-column elementor-col-100 elementor-top-column elementor-element elementor-element-6020337f\" data-id=\"6020337f\" data-element_type=\"column\">\n\t\t\t<div class=\"elementor-widget-wrap elementor-element-populated\">\n\t\t\t\t\t\t\t\t<div class=\"elementor-element elementor-element-692b573b elementor-widget elementor-widget-heading\" data-id=\"692b573b\" data-element_type=\"widget\" data-widget_type=\"heading.default\">\n\t\t\t\t<div class=\"elementor-widget-container\">\n\t\t\t<h3 class=\"elementor-heading-title elementor-size-default\">\u0424\u0430\u043a\u0442\u043e\u0440 \u0440\u043e\u0441\u0442\u0430 \u0444\u0438\u0431\u0440\u0438\u043d\u0430<\/h3>\t\t<\/div>\n\t\t\t\t<\/div>\n\t\t\t\t<div class=\"elementor-element elementor-element-1f9a0b05 elementor-widget elementor-widget-heading\" data-id=\"1f9a0b05\" data-element_type=\"widget\" data-widget_type=\"heading.default\">\n\t\t\t\t<div class=\"elementor-widget-container\">\n\t\t\t<h5 class=\"elementor-heading-title elementor-size-default\">\u041a\u0410\u041a \u043b\u0435\u0447\u0438\u0442\u0441\u044f \u0444\u0430\u043a\u0442\u043e\u0440 \u0440\u043e\u0441\u0442\u0430 \u0444\u0438\u0431\u0440\u0438\u043d\u0430?<\/h5>\t\t<\/div>\n\t\t\t\t<\/div>\n\t\t\t\t\t<\/div>\n\t\t<\/div>\n\t\t\t\t\t\t\t<\/div>\n\t\t<\/section>\n\t\t\t\t<section class=\"elementor-section elementor-top-section elementor-element elementor-element-5b001c4b elementor-section-boxed elementor-section-height-default elementor-section-height-default\" data-id=\"5b001c4b\" data-element_type=\"section\">\n\t\t\t\t\t\t<div class=\"elementor-container elementor-column-gap-default\">\n\t\t\t\t\t\t\t\t<\/div>\n\t\t<\/section>\n\t\t\t\t<section class=\"elementor-section elementor-top-section elementor-element elementor-element-f84506a elementor-section-boxed elementor-section-height-default elementor-section-height-default\" data-id=\"f84506a\" data-element_type=\"section\">\n\t\t\t\t\t\t<div class=\"elementor-container elementor-column-gap-default\">\n\t\t\t\t\t<div class=\"elementor-column elementor-col-100 elementor-top-column elementor-element elementor-element-7c385615\" data-id=\"7c385615\" data-element_type=\"column\">\n\t\t\t<div class=\"elementor-widget-wrap elementor-element-populated\">\n\t\t\t\t\t\t\t\t<div class=\"elementor-element elementor-element-2ece3131 elementor-widget elementor-widget-text-editor\" data-id=\"2ece3131\" data-element_type=\"widget\" data-widget_type=\"text-editor.default\">\n\t\t\t\t<div class=\"elementor-widget-container\">\n\t\t\t\t\t\t\t<p>\u0424\u0430\u043a\u0442\u043e\u0440 \u0440\u043e\u0441\u0442\u0430 \u0444\u0438\u0431\u0440\u0438\u043d\u0430 \u043d\u043e\u0432\u043e\u0433\u043e \u043f\u043e\u043a\u043e\u043b\u0435\u043d\u0438\u044f. % \u043d\u0430 100% \u043d\u0430\u0442\u0443\u0440\u0430\u043b\u0435\u043d \u0438 \u043d\u0435 \u0441\u043e\u0434\u0435\u0440\u0436\u0438\u0442 \u043d\u0438\u043a\u0430\u043a\u0438\u0445 \u0434\u043e\u0431\u0430\u0432\u043e\u043a. \u041e\u043d \u0441\u043e\u0434\u0435\u0440\u0436\u0438\u0442 \u0431\u043e\u043b\u0435\u0435 \u0432\u044b\u0441\u043e\u043a\u0443\u044e \u043a\u043e\u043d\u0446\u0435\u043d\u0442\u0440\u0430\u0446\u0438\u044e \u0444\u0430\u043a\u0442\u043e\u0440\u043e\u0432 \u0440\u043e\u0441\u0442\u0430, \u0430 \u0442\u0430\u043a\u0436\u0435 \u0444\u0438\u0431\u0440\u0438\u043d, \u0431\u043e\u0433\u0430\u0442\u044b\u0439 \u0442\u0440\u043e\u043c\u0431\u043e\u0446\u0438\u0442\u0430\u043c\u0438. \u042d\u0442\u0438 \u0444\u0430\u043a\u0442\u043e\u0440\u044b \u0440\u043e\u0441\u0442\u0430 \u0441\u043f\u043e\u0441\u043e\u0431\u0441\u0442\u0432\u0443\u044e\u0442 \u0431\u043e\u043b\u0435\u0435 \u0430\u043a\u0442\u0438\u0432\u043d\u043e\u043c\u0443 \u0440\u043e\u0441\u0442\u0443 \u0432\u043e\u043b\u043e\u0441 \u0438 \u043b\u0443\u0447\u0448\u0435\u043c\u0443 \u0437\u0430\u0436\u0438\u0432\u043b\u0435\u043d\u0438\u044e \u043a\u043e\u0436\u0438.<\/p><p>\u0424\u0438\u0431\u0440\u0438\u043d\u043e\u0432\u044b\u0439 \u0444\u0430\u043a\u0442\u043e\u0440 \u0440\u043e\u0441\u0442\u0430 \u0434\u0435\u0439\u0441\u0442\u0432\u0443\u0435\u0442 \u043a\u0430\u043a \u043a\u0430\u0440\u043a\u0430\u0441, \u0443\u0434\u0435\u0440\u0436\u0438\u0432\u0430\u044f \u0444\u0430\u043a\u0442\u043e\u0440\u044b \u0440\u043e\u0441\u0442\u0430 \u0432 \u043e\u0431\u043b\u0430\u0441\u0442\u0438 \u0432\u0432\u0435\u0434\u0435\u043d\u0438\u044f \u0438 \u043d\u0435 \u043f\u043e\u0437\u0432\u043e\u043b\u044f\u044f \u0438\u043c \u0440\u0430\u0441\u0441\u0435\u0438\u0432\u0430\u0442\u044c\u0441\u044f \u0442\u0430\u043c, \u0433\u0434\u0435 \u043e\u043d\u0438 \u043d\u0435 \u043d\u0443\u0436\u043d\u044b. \u042d\u0442\u043e \u043f\u043e\u0437\u0432\u043e\u043b\u044f\u0435\u0442 \u0432\u044b\u0441\u0432\u043e\u0431\u043e\u0436\u0434\u0430\u0442\u044c \u0431\u043e\u043b\u044c\u0448\u0435\u0435 \u043a\u043e\u043b\u0438\u0447\u0435\u0441\u0442\u0432\u043e \u0444\u0430\u043a\u0442\u043e\u0440\u043e\u0432 \u0440\u043e\u0441\u0442\u0430 \u0438 \u0432 \u0442\u0435\u0447\u0435\u043d\u0438\u0435 \u0431\u043e\u043b\u0435\u0435 \u0434\u043b\u0438\u0442\u0435\u043b\u044c\u043d\u043e\u0433\u043e \u043f\u0435\u0440\u0438\u043e\u0434\u0430 \u0432\u0440\u0435\u043c\u0435\u043d\u0438.\u00a0<\/p><p>\u0412 \u0437\u0430\u0432\u0438\u0441\u0438\u043c\u043e\u0441\u0442\u0438 \u043e\u0442 \u0440\u0430\u0437\u043c\u0435\u0440\u0430 \u043e\u0431\u0440\u0430\u0431\u0430\u0442\u044b\u0432\u0430\u0435\u043c\u043e\u0439 \u043e\u0431\u043b\u0430\u0441\u0442\u0438 \u0443 \u0432\u0430\u0441 \u0438\u0437 \u0440\u0443\u043a\u0438 \u0431\u0435\u0440\u0443\u0442 2-4 \u0444\u043b\u0430\u043a\u043e\u043d\u0430 \u043a\u0440\u043e\u0432\u0438. \u0417\u0430\u0442\u0435\u043c \u043e\u043d\u0430 \u0446\u0435\u043d\u0442\u0440\u0438\u0444\u0443\u0433\u0438\u0440\u0443\u0435\u0442\u0441\u044f \u0443\u043d\u0438\u043a\u0430\u043b\u044c\u043d\u044b\u043c \u0441\u043f\u043e\u0441\u043e\u0431\u043e\u043c.<\/p><p>\u0417\u0430\u0442\u0435\u043c \u0444\u0430\u043a\u0442\u043e\u0440 \u0440\u043e\u0441\u0442\u0430 \u0444\u0438\u0431\u0440\u0438\u043d\u0430 \u0438\u0437\u0432\u043b\u0435\u043a\u0430\u0435\u0442\u0441\u044f \u0438\u0437 \u0444\u043b\u0430\u043a\u043e\u043d\u043e\u0432 \u0438 \u0432\u0432\u043e\u0434\u0438\u0442\u0441\u044f \u0432 \u0437\u043e\u043d\u0443 \u0432\u044b\u043f\u0430\u0434\u0435\u043d\u0438\u044f \u0432\u043e\u043b\u043e\u0441 \u0438\u043b\u0438 \u0432 \u0437\u043e\u043d\u0443 \u043b\u0438\u0446\u0430, \u0442\u0440\u0435\u0431\u0443\u044e\u0449\u0443\u044e \u043e\u043c\u043e\u043b\u043e\u0436\u0435\u043d\u0438\u044f.<\/p>\t\t\t\t\t\t<\/div>\n\t\t\t\t<\/div>\n\t\t\t\t\t<\/div>\n\t\t<\/div>\n\t\t\t\t\t\t\t<\/div>\n\t\t<\/section>\n\t\t\t\t<section class=\"elementor-section elementor-top-section elementor-element elementor-element-162def8c elementor-section-boxed elementor-section-height-default elementor-section-height-default\" data-id=\"162def8c\" data-element_type=\"section\">\n\t\t\t\t\t\t<div class=\"elementor-container elementor-column-gap-extended\">\n\t\t\t\t\t\t\t\t<\/div>\n\t\t<\/section>\n\t\t\t\t<section class=\"elementor-section elementor-top-section elementor-element elementor-element-cf80f37 elementor-section-boxed elementor-section-height-default elementor-section-height-default\" data-id=\"cf80f37\" data-element_type=\"section\">\n\t\t\t\t\t\t<div class=\"elementor-container elementor-column-gap-default\">\n\t\t\t\t\t<div class=\"elementor-column elementor-col-100 elementor-top-column elementor-element elementor-element-6ddcff3d\" data-id=\"6ddcff3d\" data-element_type=\"column\">\n\t\t\t<div class=\"elementor-widget-wrap elementor-element-populated\">\n\t\t\t\t\t\t\t\t<div class=\"elementor-element elementor-element-6fee0fa3 elementor-widget elementor-widget-heading\" data-id=\"6fee0fa3\" data-element_type=\"widget\" data-widget_type=\"heading.default\">\n\t\t\t\t<div class=\"elementor-widget-container\">\n\t\t\t<h4 class=\"elementor-heading-title elementor-size-default\">\u0417\u0430\u043f\u043e\u043b\u043d\u0438\u0442\u0435 \u0444\u043e\u0440\u043c\u0443<\/h4>\t\t<\/div>\n\t\t\t\t<\/div>\n\t\t\t\t<div class=\"elementor-element elementor-element-1bdbd9f2 elementor-widget elementor-widget-text-editor\" data-id=\"1bdbd9f2\" data-element_type=\"widget\" data-widget_type=\"text-editor.default\">\n\t\t\t\t<div class=\"elementor-widget-container\">\n\t\t\t\t\t\t\t<p>\n<div class=\"wpcf7 no-js\" id=\"wpcf7-f241-o1\" lang=\"en-US\" dir=\"ltr\" data-wpcf7-id=\"241\">\n<div class=\"screen-reader-response\"><p role=\"status\" aria-live=\"polite\" aria-atomic=\"true\"><\/p> <ul><\/ul><\/div>\n<form action=\"\/ru\/wp-json\/wp\/v2\/pages\/2270#wpcf7-f241-o1\" method=\"post\" class=\"wpcf7-form init\" aria-label=\"\u041a\u043e\u043d\u0442\u0430\u043a\u0442\u043d\u0430\u044f \u0444\u043e\u0440\u043c\u0430\" novalidate=\"novalidate\" data-status=\"init\" data-trp-original-action=\"\/ru\/wp-json\/wp\/v2\/pages\/2270#wpcf7-f241-o1\">\n<div style=\"display: none;\">\n<input type=\"hidden\" name=\"_wpcf7\" value=\"241\" \/>\n<input type=\"hidden\" name=\"_wpcf7_version\" value=\"6.0.5\" \/>\n<input type=\"hidden\" name=\"_wpcf7_locale\" value=\"en_US\" \/>\n<input type=\"hidden\" name=\"_wpcf7_unit_tag\" value=\"wpcf7-f241-o1\" \/>\n<input type=\"hidden\" name=\"_wpcf7_container_post\" value=\"0\" \/>\n<input type=\"hidden\" name=\"_wpcf7_posted_data_hash\" value=\"\" \/>\n<\/div>\n<div class='row'>\n<div class='wgl_col-6'>\n<span class=\"wpcf7-form-control-wrap\" data-name=\"text-759\"><input size=\"40\" maxlength=\"400\" class=\"wpcf7-form-control wpcf7-text\" aria-invalid=\"false\" placeholder=\"\u0412\u0430\u0448\u0435 \u0438\u043c\u044f \u0438 \u0444\u0430\u043c\u0438\u043b\u0438\u044f *\" value=\"\" type=\"text\" name=\"text-759\" \/><\/span>\n<\/div>\n<div class='wgl_col-6'>\n<span class=\"wpcf7-form-control-wrap\" data-name=\"email-613\"><input size=\"40\" maxlength=\"400\" class=\"wpcf7-form-control wpcf7-email wpcf7-text wpcf7-validates-as-email\" aria-invalid=\"false\" placeholder=\"Email *\" value=\"\" type=\"email\" name=\"email-613\" \/><\/span>\n<\/div>\n<div class='wgl_col-12'>\n<span class=\"wpcf7-form-control-wrap\" data-name=\"text-614\"><input size=\"40\" maxlength=\"400\" class=\"wpcf7-form-control wpcf7-text\" aria-invalid=\"false\" placeholder=\"\u0422\u0435\u043b\u0435\u0444\u043e\u043d\" value=\"\" type=\"text\" name=\"text-614\" \/><\/span>\n<\/div>\n<div class='wgl_col-12'>\n<span class=\"wpcf7-form-control-wrap\" data-name=\"textarea-876\"><textarea cols=\"40\" rows=\"10\" maxlength=\"2000\" class=\"wpcf7-form-control wpcf7-textarea\" aria-invalid=\"false\" placeholder=\"\u0412\u0430\u0448\u0435 \u0441\u043e\u043e\u0431\u0449\u0435\u043d\u0438\u0435...\" name=\"textarea-876\"><\/textarea><\/span>\n<\/div>\n<\/div>\n<input class=\"wpcf7-form-control wpcf7-submit has-spinner\" type=\"submit\" value=\"\u041e\u0442\u043f\u0440\u0430\u0432\u044c\u0442\u0435 \u0444\u043e\u0440\u043c\u0443\" \/><div class=\"wpcf7-response-output\" aria-hidden=\"true\"><\/div>\n<input type=\"hidden\" name=\"trp-form-language\" value=\"ru\"\/><\/form>\n<\/div>\n<\/p>\t\t\t\t\t\t<\/div>\n\t\t\t\t<\/div>\n\t\t\t\t\t<\/div>\n\t\t<\/div>\n\t\t\t\t\t\t\t<\/div>\n\t\t<\/section>\n\t\t\t\t<section class=\"elementor-section elementor-top-section elementor-element elementor-element-7dffe42 elementor-section-boxed elementor-section-height-default elementor-section-height-default\" data-id=\"7dffe42\" data-element_type=\"section\">\n\t\t\t\t\t\t<div class=\"elementor-container elementor-column-gap-default\">\n\t\t\t\t\t<div class=\"elementor-column elementor-col-100 elementor-top-column elementor-element elementor-element-2f6e10a0\" data-id=\"2f6e10a0\" data-element_type=\"column\">\n\t\t\t<div class=\"elementor-widget-wrap elementor-element-populated\">\n\t\t\t\t\t\t\t\t<div class=\"elementor-element elementor-element-6d97d730 elementor-widget elementor-widget-spacer\" data-id=\"6d97d730\" data-element_type=\"widget\" data-widget_type=\"spacer.default\">\n\t\t\t\t<div class=\"elementor-widget-container\">\n\t\t\t\t\t<div class=\"elementor-spacer\">\n\t\t\t<div class=\"elementor-spacer-inner\"><\/div>\n\t\t<\/div>\n\t\t\t\t<\/div>\n\t\t\t\t<\/div>\n\t\t\t\t\t<\/div>\n\t\t<\/div>\n\t\t\t\t\t\t\t<\/div>\n\t\t<\/section>\n\t\t\t\t\t\t\t<\/div>","protected":false},"excerpt":{"rendered":"<p>Fibrin B\u00fcy\u00fcme Fakt\u00f6r\u00fc Fibrin B\u00fcy\u00fcme Fakt\u00f6r\u00fc TEDAV\u0130S\u0130 NASIL YAPILIR? Fibrin B\u00fcy\u00fcme Fakt\u00f6r\u00fc yeni nesildir. % 100 do\u011fald\u0131r ve farkl\u0131 olarak hi\u00e7bir katk\u0131 maddesi i\u00e7ermez. Trombosit a\u00e7\u0131s\u0131ndan zengin fibrin yan\u0131 s\u0131ra daha y\u00fcksek konsantrasyonlarda b\u00fcy\u00fcme fakt\u00f6rleri i\u00e7erir.Bu daha y\u00fcksek b\u00fcy\u00fcme fakt\u00f6rleri,\u00a0 daha fazla sa\u00e7 b\u00fcy\u00fcmesini ve ciltte daha iyi iyile\u015fmeyi te\u015fvik edecektir. Fibrin B\u00fcy\u00fcme Fakt\u00f6r\u00fc, enjekte [&hellip;]<\/p>","protected":false},"author":1,"featured_media":0,"parent":0,"menu_order":0,"comment_status":"closed","ping_status":"closed","template":"","meta":{"footnotes":""},"class_list":["post-2270","page","type-page","status-publish","hentry"],"_links":{"self":[{"href":"https:\/\/dratalaykabakcioglu.com\/ru\/wp-json\/wp\/v2\/pages\/2270","targetHints":{"allow":["GET"]}}],"collection":[{"href":"https:\/\/dratalaykabakcioglu.com\/ru\/wp-json\/wp\/v2\/pages"}],"about":[{"href":"https:\/\/dratalaykabakcioglu.com\/ru\/wp-json\/wp\/v2\/types\/page"}],"author":[{"embeddable":true,"href":"https:\/\/dratalaykabakcioglu.com\/ru\/wp-json\/wp\/v2\/users\/1"}],"replies":[{"embeddable":true,"href":"https:\/\/dratalaykabakcioglu.com\/ru\/wp-json\/wp\/v2\/comments?post=2270"}],"version-history":[{"count":0,"href":"https:\/\/dratalaykabakcioglu.com\/ru\/wp-json\/wp\/v2\/pages\/2270\/revisions"}],"wp:attachment":[{"href":"https:\/\/dratalaykabakcioglu.com\/ru\/wp-json\/wp\/v2\/media?parent=2270"}],"curies":[{"name":"wp","href":"https:\/\/api.w.org\/{rel}","templated":true}]}}