{"id":2300,"date":"2021-04-25T13:55:30","date_gmt":"2021-04-25T13:55:30","guid":{"rendered":"https:\/\/dratalaykabakcioglu.com\/?page_id=2300"},"modified":"2025-04-07T09:00:29","modified_gmt":"2025-04-07T09:00:29","slug":"biyik-ekimi","status":"publish","type":"page","link":"https:\/\/dratalaykabakcioglu.com\/en\/beard-transplant-2\/","title":{"rendered":"Moustache Transplant"},"content":{"rendered":"<div data-elementor-type=\"wp-page\" data-elementor-id=\"2300\" class=\"elementor elementor-2300\" data-elementor-post-type=\"page\">\n\t\t\t\t\t\t\t\t\t<section class=\"elementor-section elementor-top-section elementor-element elementor-element-11e3bbe7 elementor-section-boxed elementor-section-height-default elementor-section-height-default\" data-id=\"11e3bbe7\" data-element_type=\"section\">\n\t\t\t\t\t\t<div class=\"elementor-container elementor-column-gap-default\">\n\t\t\t\t\t<div class=\"elementor-column elementor-col-100 elementor-top-column elementor-element elementor-element-90a7258\" data-id=\"90a7258\" data-element_type=\"column\">\n\t\t\t<div class=\"elementor-widget-wrap elementor-element-populated\">\n\t\t\t\t\t\t\t\t<div class=\"elementor-element elementor-element-30bf0aea elementor-arrows-position-inside elementor-widget elementor-widget-image-carousel\" data-id=\"30bf0aea\" data-element_type=\"widget\" data-settings=\"{&quot;slides_to_show&quot;:&quot;1&quot;,&quot;navigation&quot;:&quot;arrows&quot;,&quot;autoplay&quot;:&quot;yes&quot;,&quot;pause_on_hover&quot;:&quot;yes&quot;,&quot;pause_on_interaction&quot;:&quot;yes&quot;,&quot;autoplay_speed&quot;:5000,&quot;infinite&quot;:&quot;yes&quot;,&quot;effect&quot;:&quot;slide&quot;,&quot;speed&quot;:500}\" data-widget_type=\"image-carousel.default\">\n\t\t\t\t<div class=\"elementor-widget-container\">\n\t\t\t\t\t<div class=\"elementor-image-carousel-wrapper swiper-container\" dir=\"ltr\">\n\t\t\t<div class=\"elementor-image-carousel swiper-wrapper\" aria-live=\"off\">\n\t\t\t\t\t\t\t\t<div class=\"swiper-slide\" role=\"group\" aria-roledescription=\"slide\" aria-label=\"1 of 1\"><figure class=\"swiper-slide-inner\"><img decoding=\"async\" class=\"swiper-slide-image\" src=\"https:\/\/dratalaykabakcioglu.com\/wp-content\/uploads\/2021\/04\/BIYIK-EKIMI.jpg\" alt=\"SHIRT-PLANTING\" \/><\/figure><\/div>\t\t\t<\/div>\n\t\t\t\t\t<\/div>\n\t\t\t\t<\/div>\n\t\t\t\t<\/div>\n\t\t\t\t\t<\/div>\n\t\t<\/div>\n\t\t\t\t\t\t\t<\/div>\n\t\t<\/section>\n\t\t\t\t<section class=\"elementor-section elementor-top-section elementor-element elementor-element-129758e1 elementor-section-boxed elementor-section-height-default elementor-section-height-default\" data-id=\"129758e1\" data-element_type=\"section\">\n\t\t\t\t\t\t<div class=\"elementor-container elementor-column-gap-default\">\n\t\t\t\t\t<div class=\"elementor-column elementor-col-100 elementor-top-column elementor-element elementor-element-24afcdce\" data-id=\"24afcdce\" data-element_type=\"column\">\n\t\t\t<div class=\"elementor-widget-wrap elementor-element-populated\">\n\t\t\t\t\t\t\t\t<div class=\"elementor-element elementor-element-62ce106b elementor-widget elementor-widget-heading\" data-id=\"62ce106b\" data-element_type=\"widget\" data-widget_type=\"heading.default\">\n\t\t\t\t<div class=\"elementor-widget-container\">\n\t\t\t<h3 class=\"elementor-heading-title elementor-size-default\">Moustache Transplant<\/h3>\t\t<\/div>\n\t\t\t\t<\/div>\n\t\t\t\t\t<\/div>\n\t\t<\/div>\n\t\t\t\t\t\t\t<\/div>\n\t\t<\/section>\n\t\t\t\t<section class=\"elementor-section elementor-top-section elementor-element elementor-element-2488fb31 elementor-section-boxed elementor-section-height-default elementor-section-height-default\" data-id=\"2488fb31\" data-element_type=\"section\">\n\t\t\t\t\t\t<div class=\"elementor-container elementor-column-gap-default\">\n\t\t\t\t\t\t\t\t<\/div>\n\t\t<\/section>\n\t\t\t\t<section class=\"elementor-section elementor-top-section elementor-element elementor-element-54a770 elementor-section-boxed elementor-section-height-default elementor-section-height-default\" data-id=\"54a770\" data-element_type=\"section\">\n\t\t\t\t\t\t<div class=\"elementor-container elementor-column-gap-default\">\n\t\t\t\t\t<div class=\"elementor-column elementor-col-100 elementor-top-column elementor-element elementor-element-6b1bc604\" data-id=\"6b1bc604\" data-element_type=\"column\">\n\t\t\t<div class=\"elementor-widget-wrap elementor-element-populated\">\n\t\t\t\t\t\t\t\t<div class=\"elementor-element elementor-element-5f741d59 elementor-widget elementor-widget-text-editor\" data-id=\"5f741d59\" data-element_type=\"widget\" data-widget_type=\"text-editor.default\">\n\t\t\t\t<div class=\"elementor-widget-container\">\n\t\t\t\t\t\t\t<p>Mustaches, which make a significant difference in the appearance of men and make them extremely unhappy with their lack, are very important. Hair is not sufficient in people over time or due to their natural hair structure.<br \/>With mustache transplantation methods, mustaches are brought to the desired level and very important differences are created on people's faces. As it has been known for centuries, the issue of mustache in men is very important and its lack is an extremely important problem. There are many effective methods that can be preferred for this problem.<\/p><p>If we talk about all the details you wonder and need to know about mustache transplantation procedures:<\/p><ul><li>Mustache transplantation is a method applied in permanent hair loss above the lips, known as the mustache area.<\/li><li>It is a method preferred by men who are not satisfied with the shape of their mustache.<\/li><\/ul><p>If we briefly talk about the details of the procedure for those who wonder what mustache transplantation is. The procedure is a method that men older than 24 years old can benefit from.<\/p><p>It is applied with the FUE technique, which is highly preferred among hair transplantation procedures. The procedure, which is performed under local anesthesia, takes approximately 2-3 hours. Patients do not feel any pain during the procedure. One of the important points to know about the procedure is that if no hair grows in the area after 4 months, the area will be transplanted again.<\/p><p>Mustaches, which make a significant difference in men's appearance and make them extremely unhappy with their lack, are very important for an aesthetic appearance. A deficiency in the amount of hair may occur due to situations that develop over time or problems that develop in natural hair structures. With the mustache transplantation application, mustaches can be brought to the desired level and it is ensured that very important differences are created on people's faces.<\/p><p>Why is mustache loss necessary? Or why do you need a mustache transplant? Before answering the question in bullet points, it should be noted that the need for mustache transplantation arises in case of mustache loss or if the loss of these hair follicles is irreversible in any way.<\/p>\t\t\t\t\t\t<\/div>\n\t\t\t\t<\/div>\n\t\t\t\t\t<\/div>\n\t\t<\/div>\n\t\t\t\t\t\t\t<\/div>\n\t\t<\/section>\n\t\t\t\t<section class=\"elementor-section elementor-top-section elementor-element elementor-element-45c8f518 elementor-section-boxed elementor-section-height-default elementor-section-height-default\" data-id=\"45c8f518\" data-element_type=\"section\">\n\t\t\t\t\t\t<div class=\"elementor-container elementor-column-gap-extended\">\n\t\t\t\t\t\t\t\t<\/div>\n\t\t<\/section>\n\t\t\t\t<section class=\"elementor-section elementor-top-section elementor-element elementor-element-362363e0 elementor-section-boxed elementor-section-height-default elementor-section-height-default\" data-id=\"362363e0\" data-element_type=\"section\">\n\t\t\t\t\t\t<div class=\"elementor-container elementor-column-gap-default\">\n\t\t\t\t\t<div class=\"elementor-column elementor-col-100 elementor-top-column elementor-element elementor-element-2e213679\" data-id=\"2e213679\" data-element_type=\"column\">\n\t\t\t<div class=\"elementor-widget-wrap elementor-element-populated\">\n\t\t\t\t\t\t\t\t<div class=\"elementor-element elementor-element-196a7d17 elementor-widget elementor-widget-heading\" data-id=\"196a7d17\" data-element_type=\"widget\" data-widget_type=\"heading.default\">\n\t\t\t\t<div class=\"elementor-widget-container\">\n\t\t\t<h4 class=\"elementor-heading-title elementor-size-default\">Fill in the form<\/h4>\t\t<\/div>\n\t\t\t\t<\/div>\n\t\t\t\t<div class=\"elementor-element elementor-element-6b9caa59 elementor-widget elementor-widget-text-editor\" data-id=\"6b9caa59\" data-element_type=\"widget\" data-widget_type=\"text-editor.default\">\n\t\t\t\t<div class=\"elementor-widget-container\">\n\t\t\t\t\t\t\t<p>\n<div class=\"wpcf7 no-js\" id=\"wpcf7-f241-o1\" lang=\"en-US\" dir=\"ltr\" data-wpcf7-id=\"241\">\n<div class=\"screen-reader-response\"><p role=\"status\" aria-live=\"polite\" aria-atomic=\"true\"><\/p> <ul><\/ul><\/div>\n<form action=\"\/en\/wp-json\/wp\/v2\/pages\/2300#wpcf7-f241-o1\" method=\"post\" class=\"wpcf7-form init\" aria-label=\"Contact form\" novalidate=\"novalidate\" data-status=\"init\" data-trp-original-action=\"\/en\/wp-json\/wp\/v2\/pages\/2300#wpcf7-f241-o1\">\n<div style=\"display: none;\">\n<input type=\"hidden\" name=\"_wpcf7\" value=\"241\" \/>\n<input type=\"hidden\" name=\"_wpcf7_version\" value=\"6.0.5\" \/>\n<input type=\"hidden\" name=\"_wpcf7_locale\" value=\"en_US\" \/>\n<input type=\"hidden\" name=\"_wpcf7_unit_tag\" value=\"wpcf7-f241-o1\" \/>\n<input type=\"hidden\" name=\"_wpcf7_container_post\" value=\"0\" \/>\n<input type=\"hidden\" name=\"_wpcf7_posted_data_hash\" value=\"\" \/>\n<\/div>\n<div class='row'>\n<div class='wgl_col-6'>\n<span class=\"wpcf7-form-control-wrap\" data-name=\"text-759\"><input size=\"40\" maxlength=\"400\" class=\"wpcf7-form-control wpcf7-text\" aria-invalid=\"false\" placeholder=\"Your Name Surname *\" value=\"\" type=\"text\" name=\"text-759\" \/><\/span>\n<\/div>\n<div class='wgl_col-6'>\n<span class=\"wpcf7-form-control-wrap\" data-name=\"email-613\"><input size=\"40\" maxlength=\"400\" class=\"wpcf7-form-control wpcf7-email wpcf7-text wpcf7-validates-as-email\" aria-invalid=\"false\" placeholder=\"Email *\" value=\"\" type=\"email\" name=\"email-613\" \/><\/span>\n<\/div>\n<div class='wgl_col-12'>\n<span class=\"wpcf7-form-control-wrap\" data-name=\"text-614\"><input size=\"40\" maxlength=\"400\" class=\"wpcf7-form-control wpcf7-text\" aria-invalid=\"false\" placeholder=\"Telephone\" value=\"\" type=\"text\" name=\"text-614\" \/><\/span>\n<\/div>\n<div class='wgl_col-12'>\n<span class=\"wpcf7-form-control-wrap\" data-name=\"textarea-876\"><textarea cols=\"40\" rows=\"10\" maxlength=\"2000\" class=\"wpcf7-form-control wpcf7-textarea\" aria-invalid=\"false\" placeholder=\"Your message...\" name=\"textarea-876\"><\/textarea><\/span>\n<\/div>\n<\/div>\n<input class=\"wpcf7-form-control wpcf7-submit has-spinner\" type=\"submit\" value=\"Submit the form\" \/><div class=\"wpcf7-response-output\" aria-hidden=\"true\"><\/div>\n<input type=\"hidden\" name=\"trp-form-language\" value=\"en\"\/><\/form>\n<\/div>\n<\/p>\t\t\t\t\t\t<\/div>\n\t\t\t\t<\/div>\n\t\t\t\t\t<\/div>\n\t\t<\/div>\n\t\t\t\t\t\t\t<\/div>\n\t\t<\/section>\n\t\t\t\t<section class=\"elementor-section elementor-top-section elementor-element elementor-element-270012ea elementor-section-boxed elementor-section-height-default elementor-section-height-default\" data-id=\"270012ea\" data-element_type=\"section\">\n\t\t\t\t\t\t<div class=\"elementor-container elementor-column-gap-default\">\n\t\t\t\t\t<div class=\"elementor-column elementor-col-100 elementor-top-column elementor-element elementor-element-5f9b7f33\" data-id=\"5f9b7f33\" data-element_type=\"column\">\n\t\t\t<div class=\"elementor-widget-wrap elementor-element-populated\">\n\t\t\t\t\t\t\t\t<div class=\"elementor-element elementor-element-31623fc2 elementor-widget elementor-widget-spacer\" data-id=\"31623fc2\" data-element_type=\"widget\" data-widget_type=\"spacer.default\">\n\t\t\t\t<div class=\"elementor-widget-container\">\n\t\t\t\t\t<div class=\"elementor-spacer\">\n\t\t\t<div class=\"elementor-spacer-inner\"><\/div>\n\t\t<\/div>\n\t\t\t\t<\/div>\n\t\t\t\t<\/div>\n\t\t\t\t\t<\/div>\n\t\t<\/div>\n\t\t\t\t\t\t\t<\/div>\n\t\t<\/section>\n\t\t\t\t\t\t\t<\/div>","protected":false},"excerpt":{"rendered":"<p>B\u0131y\u0131k Ekimi Erkeklerin g\u00f6r\u00fcn\u00fc\u015f\u00fcnde \u00f6nemli bir fark yaratan ve eksikli\u011fi ile son derece mutsuz eden b\u0131y\u0131klar, olduk\u00e7a \u00f6nemlidir. Ki\u015filerde zamanla veya do\u011fal k\u0131l yap\u0131lar\u0131ndan dolay\u0131 k\u0131l yeterli seviyede olmamaktad\u0131r.B\u0131y\u0131k ekimi y\u00f6ntemleri ile b\u0131y\u0131klar istenilen seviyeye getirilmekte ve ki\u015filerin y\u00fczlerinde olduk\u00e7a \u00f6nemli farklar\u0131n yarat\u0131lmas\u0131 sa\u011flanmaktad\u0131r. Erkeklerde b\u0131y\u0131k meselesi y\u00fczy\u0131llard\u0131r bilindi\u011fi gibi olduk\u00e7a \u00f6nemlidir ve eksikli\u011fi son [&hellip;]<\/p>","protected":false},"author":1,"featured_media":0,"parent":0,"menu_order":0,"comment_status":"closed","ping_status":"closed","template":"","meta":{"footnotes":""},"class_list":["post-2300","page","type-page","status-publish","hentry"],"_links":{"self":[{"href":"https:\/\/dratalaykabakcioglu.com\/en\/wp-json\/wp\/v2\/pages\/2300","targetHints":{"allow":["GET"]}}],"collection":[{"href":"https:\/\/dratalaykabakcioglu.com\/en\/wp-json\/wp\/v2\/pages"}],"about":[{"href":"https:\/\/dratalaykabakcioglu.com\/en\/wp-json\/wp\/v2\/types\/page"}],"author":[{"embeddable":true,"href":"https:\/\/dratalaykabakcioglu.com\/en\/wp-json\/wp\/v2\/users\/1"}],"replies":[{"embeddable":true,"href":"https:\/\/dratalaykabakcioglu.com\/en\/wp-json\/wp\/v2\/comments?post=2300"}],"version-history":[{"count":3,"href":"https:\/\/dratalaykabakcioglu.com\/en\/wp-json\/wp\/v2\/pages\/2300\/revisions"}],"predecessor-version":[{"id":9500,"href":"https:\/\/dratalaykabakcioglu.com\/en\/wp-json\/wp\/v2\/pages\/2300\/revisions\/9500"}],"wp:attachment":[{"href":"https:\/\/dratalaykabakcioglu.com\/en\/wp-json\/wp\/v2\/media?parent=2300"}],"curies":[{"name":"wp","href":"https:\/\/api.w.org\/{rel}","templated":true}]}}